{"id":7415,"date":"2020-07-30T13:48:55","date_gmt":"2020-07-30T13:48:55","guid":{"rendered":"https:\/\/rotwand.com\/sitemap\/"},"modified":"2020-07-30T13:49:18","modified_gmt":"2020-07-30T13:49:18","slug":"sitemap","status":"publish","type":"page","link":"https:\/\/rotwand.com\/fr\/sitemap\/","title":{"rendered":"Sitemap"},"content":{"rendered":"[vc_row type=\u00a0\u00bbfull_width_background\u00a0\u00bb full_screen_row_position=\u00a0\u00bbmiddle\u00a0\u00bb column_margin=\u00a0\u00bbdefault\u00a0\u00bb equal_height=\u00a0\u00bbyes\u00a0\u00bb content_placement=\u00a0\u00bbbottom\u00a0\u00bb column_direction=\u00a0\u00bbdefault\u00a0\u00bb column_direction_tablet=\u00a0\u00bbdefault\u00a0\u00bb column_direction_phone=\u00a0\u00bbdefault\u00a0\u00bb bg_color=\u00a0\u00bb#ffffff\u00a0\u00bb bg_image=\u00a0\u00bb6045&Prime; bg_position=\u00a0\u00bbcenter center\u00a0\u00bb bg_repeat=\u00a0\u00bbno-repeat\u00a0\u00bb scene_position=\u00a0\u00bbcenter\u00a0\u00bb top_padding=\u00a0\u00bb15%\u00a0\u00bb bottom_padding=\u00a0\u00bb10%\u00a0\u00bb text_color=\u00a0\u00bblight\u00a0\u00bb text_align=\u00a0\u00bbleft\u00a0\u00bb row_border_radius=\u00a0\u00bbnone\u00a0\u00bb row_border_radius_applies=\u00a0\u00bbbg\u00a0\u00bb overlay_strength=\u00a0\u00bb0.3&Prime; gradient_direction=\u00a0\u00bbleft_to_right\u00a0\u00bb shape_divider_position=\u00a0\u00bbbottom\u00a0\u00bb shape_divider_height=\u00a0\u00bb350&Prime; bg_image_animation=\u00a0\u00bbfade-in\u00a0\u00bb shape_type=\u00a0\u00bbmountains\u00a0\u00bb][vc_column column_padding=\u00a0\u00bbno-extra-padding\u00a0\u00bb column_padding_tablet=\u00a0\u00bbinherit\u00a0\u00bb column_padding_phone=\u00a0\u00bbinherit\u00a0\u00bb column_padding_position=\u00a0\u00bball\u00a0\u00bb background_color_opacity=\u00a0\u00bb1&Prime; background_hover_color_opacity=\u00a0\u00bb1&Prime; column_shadow=\u00a0\u00bbnone\u00a0\u00bb column_border_radius=\u00a0\u00bbnone\u00a0\u00bb column_link_target=\u00a0\u00bb_self\u00a0\u00bb gradient_direction=\u00a0\u00bbleft_to_right\u00a0\u00bb overlay_strength=\u00a0\u00bb0.3&Prime; width=\u00a0\u00bb1\/1&Prime; tablet_width_inherit=\u00a0\u00bbdefault\u00a0\u00bb tablet_text_alignment=\u00a0\u00bbdefault\u00a0\u00bb phone_text_alignment=\u00a0\u00bbdefault\u00a0\u00bb column_border_width=\u00a0\u00bbnone\u00a0\u00bb column_border_style=\u00a0\u00bbsolid\u00a0\u00bb bg_image_animation=\u00a0\u00bbnone\u00a0\u00bb][vc_row_inner column_margin=\u00a0\u00bbdefault\u00a0\u00bb column_direction=\u00a0\u00bbdefault\u00a0\u00bb column_direction_tablet=\u00a0\u00bbdefault\u00a0\u00bb column_direction_phone=\u00a0\u00bbdefault\u00a0\u00bb text_align=\u00a0\u00bbleft\u00a0\u00bb][vc_column_inner column_padding=\u00a0\u00bbno-extra-padding\u00a0\u00bb column_padding_tablet=\u00a0\u00bbinherit\u00a0\u00bb column_padding_phone=\u00a0\u00bbinherit\u00a0\u00bb column_padding_position=\u00a0\u00bball\u00a0\u00bb background_color_opacity=\u00a0\u00bb1&Prime; background_hover_color_opacity=\u00a0\u00bb1&Prime; column_shadow=\u00a0\u00bbnone\u00a0\u00bb column_border_radius=\u00a0\u00bbnone\u00a0\u00bb column_link_target=\u00a0\u00bb_self\u00a0\u00bb gradient_direction=\u00a0\u00bbleft_to_right\u00a0\u00bb overlay_strength=\u00a0\u00bb0.3&Prime; width=\u00a0\u00bb1\/1&Prime; tablet_width_inherit=\u00a0\u00bbdefault\u00a0\u00bb column_border_width=\u00a0\u00bbnone\u00a0\u00bb column_border_style=\u00a0\u00bbsolid\u00a0\u00bb bg_image_animation=\u00a0\u00bbnone\u00a0\u00bb][vc_custom_heading text=\u00a0\u00bbSitemap\u00a0\u00bb font_container=\u00a0\u00bbtag:h1|text_align:center\u00a0\u00bb use_theme_fonts=\u00a0\u00bbyes\u00a0\u00bb][\/vc_column_inner][\/vc_row_inner][\/vc_column][\/vc_row][vc_row type=\u00a0\u00bbin_container\u00a0\u00bb full_screen_row_position=\u00a0\u00bbmiddle\u00a0\u00bb column_margin=\u00a0\u00bbdefault\u00a0\u00bb column_direction=\u00a0\u00bbdefault\u00a0\u00bb column_direction_tablet=\u00a0\u00bbdefault\u00a0\u00bb column_direction_phone=\u00a0\u00bbdefault\u00a0\u00bb scene_position=\u00a0\u00bbcenter\u00a0\u00bb top_padding=\u00a0\u00bb5%\u00a0\u00bb bottom_padding=\u00a0\u00bb5%\u00a0\u00bb text_color=\u00a0\u00bbdark\u00a0\u00bb text_align=\u00a0\u00bbleft\u00a0\u00bb row_border_radius=\u00a0\u00bbnone\u00a0\u00bb row_border_radius_applies=\u00a0\u00bbbg\u00a0\u00bb overlay_strength=\u00a0\u00bb0.3&Prime; gradient_direction=\u00a0\u00bbleft_to_right\u00a0\u00bb shape_divider_position=\u00a0\u00bbbottom\u00a0\u00bb bg_image_animation=\u00a0\u00bbnone\u00a0\u00bb shape_type=\u00a0\u00bb\u00a0\u00bb][vc_column column_padding=\u00a0\u00bbno-extra-padding\u00a0\u00bb column_padding_tablet=\u00a0\u00bbinherit\u00a0\u00bb column_padding_phone=\u00a0\u00bbinherit\u00a0\u00bb column_padding_position=\u00a0\u00bball\u00a0\u00bb background_color_opacity=\u00a0\u00bb1&Prime; background_hover_color_opacity=\u00a0\u00bb1&Prime; column_shadow=\u00a0\u00bbnone\u00a0\u00bb column_border_radius=\u00a0\u00bbnone\u00a0\u00bb column_link_target=\u00a0\u00bb_self\u00a0\u00bb gradient_direction=\u00a0\u00bbleft_to_right\u00a0\u00bb overlay_strength=\u00a0\u00bb0.3&Prime; width=\u00a0\u00bb1\/6&Prime; tablet_width_inherit=\u00a0\u00bbdefault\u00a0\u00bb tablet_text_alignment=\u00a0\u00bbdefault\u00a0\u00bb phone_text_alignment=\u00a0\u00bbdefault\u00a0\u00bb column_border_width=\u00a0\u00bbnone\u00a0\u00bb column_border_style=\u00a0\u00bbsolid\u00a0\u00bb bg_image_animation=\u00a0\u00bbnone\u00a0\u00bb offset=\u00a0\u00bbvc_hidden-sm vc_hidden-xs\u00a0\u00bb][\/vc_column][vc_column column_padding=\u00a0\u00bbno-extra-padding\u00a0\u00bb column_padding_tablet=\u00a0\u00bbinherit\u00a0\u00bb column_padding_phone=\u00a0\u00bbinherit\u00a0\u00bb column_padding_position=\u00a0\u00bball\u00a0\u00bb background_color_opacity=\u00a0\u00bb1&Prime; background_hover_color_opacity=\u00a0\u00bb1&Prime; column_shadow=\u00a0\u00bbnone\u00a0\u00bb column_border_radius=\u00a0\u00bbnone\u00a0\u00bb column_link_target=\u00a0\u00bb_self\u00a0\u00bb gradient_direction=\u00a0\u00bbleft_to_right\u00a0\u00bb overlay_strength=\u00a0\u00bb0.3&Prime; width=\u00a0\u00bb2\/3&Prime; tablet_width_inherit=\u00a0\u00bbdefault\u00a0\u00bb tablet_text_alignment=\u00a0\u00bbdefault\u00a0\u00bb phone_text_alignment=\u00a0\u00bbdefault\u00a0\u00bb column_border_width=\u00a0\u00bbnone\u00a0\u00bb column_border_style=\u00a0\u00bbsolid\u00a0\u00bb bg_image_animation=\u00a0\u00bbnone\u00a0\u00bb][vc_column_text]\n<div id=\"impressum\">\n<p style=\"text-align: center;\"><div class=\"wsp-container\"><h2 class=\"wsp-pages-title\">Pages<\/h2>\n<ul class=\"wsp-pages-list\">\n<li class=\"page_item page-item-7463\"><a href=\"https:\/\/rotwand.com\/fr\/offre\/\">offre<\/a><\/li>\n<li class=\"page_item page-item-7128\"><a href=\"https:\/\/rotwand.com\/fr\/bikerhotel-suedtirol\/\">Bikerhotel<\/a><\/li>\n<li class=\"page_item page-item-7147\"><a href=\"https:\/\/rotwand.com\/fr\/hotel-proche-de-la-foire-de-bolzano\/\">Business<\/a><\/li>\n<li class=\"page_item page-item-7114\"><a href=\"https:\/\/rotwand.com\/fr\/carte-bolzano\/\">Carte Bolzano<\/a><\/li>\n<li class=\"page_item page-item-7314\"><a href=\"https:\/\/rotwand.com\/fr\/chambre\/\">Chambre<\/a><\/li>\n<li class=\"page_item page-item-7084\"><a href=\"https:\/\/rotwand.com\/fr\/contact\/\">Contact<\/a><\/li>\n<li class=\"page_item page-item-7156\"><a href=\"https:\/\/rotwand.com\/fr\/culture-au-tyrol-du-sud\/\">Culture au Tyrol du Sud<\/a><\/li>\n<li class=\"page_item page-item-7211\"><a href=\"https:\/\/rotwand.com\/fr\/excursions-dune-journee\/\">Excursions d&rsquo;une journ\u00e9e<\/a><\/li>\n<li class=\"page_item page-item-7325\"><a href=\"https:\/\/rotwand.com\/fr\/\">Hotel Rotwand<\/a><\/li>\n<li class=\"page_item page-item-7099\"><a href=\"https:\/\/rotwand.com\/fr\/impressum\/\">Impressum<\/a><\/li>\n<li class=\"page_item page-item-7105\"><a href=\"https:\/\/rotwand.com\/fr\/services-et-informations-inclusifs\/\">Services et informations inclusifs<\/a><\/li>\n<li class=\"page_item page-item-8028\"><a href=\"https:\/\/rotwand.com\/fr\/protection-contre-lannulation-de-voyage\/\">Protection contre l&rsquo;annulation de voyage<\/a><\/li>\n<li class=\"page_item page-item-7220\"><a href=\"https:\/\/rotwand.com\/fr\/marches-de-noel-en-haute-adige\/\">March\u00e9s de No\u00ebl en Haute Adige<\/a><\/li>\n<li class=\"page_item page-item-7090\"><a href=\"https:\/\/rotwand.com\/fr\/news\/\">News<\/a><\/li>\n<li class=\"page_item page-item-7093\"><a href=\"https:\/\/rotwand.com\/fr\/politique-de-confidentialite\/\">Politique de confidentialit\u00e9<\/a><\/li>\n<li class=\"page_item page-item-7294\"><a href=\"https:\/\/rotwand.com\/fr\/randonnee-au-tyrol-du-sud\/\">Randonn\u00e9e au Tyrol du Sud<\/a><\/li>\n<li class=\"page_item page-item-7174\"><a href=\"https:\/\/rotwand.com\/fr\/restaurant-bolzano\/\">Restaurant<\/a><\/li>\n<li class=\"page_item page-item-7165\"><a href=\"https:\/\/rotwand.com\/fr\/se-detendre\/\">Se d\u00e9tendre<\/a><\/li>\n<li class=\"page_item page-item-7183\"><a href=\"https:\/\/rotwand.com\/fr\/shopping-et-temps-libre\/\">Shopping et temps libre<\/a><\/li>\n<li class=\"page_item page-item-7415\"><a href=\"https:\/\/rotwand.com\/fr\/sitemap\/\">Sitemap<\/a><\/li>\n<li class=\"page_item page-item-7192\"><a href=\"https:\/\/rotwand.com\/fr\/specialites-dasperges-du-tyrol-du-sud\/\">Sp\u00e9cialit\u00e9s d&rsquo;asperges<\/a><\/li>\n<li class=\"page_item page-item-7201\"><a href=\"https:\/\/rotwand.com\/fr\/menu\/\">Menu<\/a><\/li>\n<li class=\"page_item page-item-7286\"><a href=\"https:\/\/rotwand.com\/fr\/sports-et-activites\/\">Sports et activit\u00e9s<\/a><\/li>\n<li class=\"page_item page-item-7138\"><a href=\"https:\/\/rotwand.com\/fr\/voyages-de-groupe\/\">Voyages de groupe<\/a><\/li>\n<li class=\"page_item page-item-7304\"><a href=\"https:\/\/rotwand.com\/fr\/carte-des-vins\/\">Carte des vins<\/a><\/li>\n<\/ul>\n<h2 class=\"wsp-posts-title\">Articles par cat\u00e9gorie<\/h2>\n<ul class=\"wsp-posts-list\">\n\t<li><strong class=\"wsp-category-title\">Cat\u00e9gorie\u00a0: <a href=\"https:\/\/rotwand.com\/fr\/sports-et-activites\/\">Sports et activit\u00e9s<\/a><\/strong>\n<ul class=\"wsp-posts-list\">\t\t<li class=\"wsp-post\"><a href=\"https:\/\/rotwand.com\/fr\/ski-et-sports-dhiver\/\">Ski et sports d\u2019hiver<\/a><\/li>\n\t\t<li class=\"wsp-post\"><a href=\"https:\/\/rotwand.com\/fr\/radfahren-in-suedtirol\/\">Cyclisme au Tyrol du Sud<\/a><\/li>\n\t\t<li class=\"wsp-post\"><a href=\"https:\/\/rotwand.com\/fr\/equitation-au-tyrol-du-sud\/\">\u00c9quitation au Tyrol du Sud<\/a><\/li>\n\t\t<li class=\"wsp-post\"><a href=\"https:\/\/rotwand.com\/fr\/surf-et-voile\/\">Surf et voile<\/a><\/li>\n\t\t<li class=\"wsp-post\"><a href=\"https:\/\/rotwand.com\/fr\/baignade-au-tyrol-du-sud\/\">Baignade au Tyrol du Sud<\/a><\/li>\n\t\t<li class=\"wsp-post\"><a href=\"https:\/\/rotwand.com\/fr\/sport-et-golf-au-tyrol-du-sud\/\">Sport et golf au Tyrol du Sud<\/a><\/li>\n<\/ul><\/li>\n\t<li><strong class=\"wsp-category-title\">Cat\u00e9gorie\u00a0: <a href=\"https:\/\/rotwand.com\/fr\/non-classifiee\/\">Wandern in S\u00fcdtirol<\/a><\/strong>\n<ul class=\"wsp-posts-list\">\t\t<li class=\"wsp-post\"><a href=\"https:\/\/rotwand.com\/fr\/le-schneiderwiesen\/\">Le Schneiderwiesen<\/a><\/li>\n\t\t<li class=\"wsp-post\"><a href=\"https:\/\/rotwand.com\/fr\/le-titschen\/\">Le Titschen<\/a><\/li>\n\t\t<li class=\"wsp-post\"><a href=\"https:\/\/rotwand.com\/fr\/randonnees-sur-le-kohlerer-berg\/\">Randonn\u00e9es sur le Kohlerer Berg<\/a><\/li>\n\t\t<li class=\"wsp-post\"><a href=\"https:\/\/rotwand.com\/fr\/le-leiferer-hohenweg-de-lhotel-rotwand\/\">Le Leiferer H\u00f6henweg de l&rsquo;h\u00f4tel Rotwand<\/a><\/li>\n\t\t<li class=\"wsp-post\"><a href=\"https:\/\/rotwand.com\/fr\/par-le-brantental-laives-a-deutschnofen\/\">Par le Brantental (Laives) \u00e0 Deutschnofen<\/a><\/li>\n\t\t<li class=\"wsp-post\"><a href=\"https:\/\/rotwand.com\/fr\/du-breitenberg-laives-au-wofelhof-a-deutschnofen\/\">Du Breitenberg (Laives) au W\u00f6felhof \u00e0 Deutschnofen<\/a><\/li>\n\t\t<li class=\"wsp-post\"><a href=\"https:\/\/rotwand.com\/fr\/route-de-pelerinage-maria-weissenstein-de-laives\/\">Route de p\u00e8lerinage Maria Weissenstein de Laives<\/a><\/li>\n\t\t<li class=\"wsp-post\"><a href=\"https:\/\/rotwand.com\/fr\/randonnee-a-peterkofele-depuis-laives\/\">Randonn\u00e9e \u00e0 Peterk\u00f6fele depuis Laives<\/a><\/li>\n\t\t<li class=\"wsp-post\"><a href=\"https:\/\/rotwand.com\/fr\/randonnee-a-bolzano-haselburg-depuis-lhotel-rotwand\/\">Randonn\u00e9e \u00e0 Bolzano Haselburg depuis l&rsquo;h\u00f4tel Rotwand<\/a><\/li>\n<\/ul><\/li>\n<\/ul>\n<h2 class=\"wsp-popups-title\">Fen\u00eatres surgissantes<\/h2>\n<ul class=\"wsp-popups-list\">\n<li><a href=\"https:\/\/rotwand.com\/fr\/?post_type=popup&amp;p=8892\">ristorante<\/a><\/li>\n<li><a href=\"https:\/\/rotwand.com\/fr\/?post_type=popup&amp;p=8887\">Example: Auto-opening announcement popup<\/a><\/li>\n<\/ul>\n<h2 class=\"wsp-popup_themes-title\">Th\u00e8mes de fen\u00eatre modale<\/h2>\n<ul class=\"wsp-popup_themes-list\">\n<li><a href=\"https:\/\/rotwand.com\/fr\/?post_type=popup_theme&amp;p=8886\">Content Only - For use with page builders or block editor<\/a><\/li>\n<li><a href=\"https:\/\/rotwand.com\/fr\/?post_type=popup_theme&amp;p=8885\">Floating Bar - Soft Blue<\/a><\/li>\n<li><a href=\"https:\/\/rotwand.com\/fr\/?post_type=popup_theme&amp;p=8884\">Framed Border<\/a><\/li>\n<li><a href=\"https:\/\/rotwand.com\/fr\/?post_type=popup_theme&amp;p=8883\">Cutting Edge<\/a><\/li>\n<li><a href=\"https:\/\/rotwand.com\/fr\/?post_type=popup_theme&amp;p=8882\">Hello Box<\/a><\/li>\n<li><a href=\"https:\/\/rotwand.com\/fr\/?post_type=popup_theme&amp;p=8881\">Enterprise Blue<\/a><\/li>\n<li><a href=\"https:\/\/rotwand.com\/fr\/?post_type=popup_theme&amp;p=8880\">Light Box<\/a><\/li>\n<li><a href=\"https:\/\/rotwand.com\/fr\/?post_type=popup_theme&amp;p=8879\">Default Theme<\/a><\/li>\n<\/ul>\n<\/div>\n<\/div>\n[\/vc_column_text][\/vc_column][vc_column column_padding=\u00a0\u00bbno-extra-padding\u00a0\u00bb column_padding_tablet=\u00a0\u00bbinherit\u00a0\u00bb column_padding_phone=\u00a0\u00bbinherit\u00a0\u00bb column_padding_position=\u00a0\u00bball\u00a0\u00bb background_color_opacity=\u00a0\u00bb1&Prime; background_hover_color_opacity=\u00a0\u00bb1&Prime; column_shadow=\u00a0\u00bbnone\u00a0\u00bb column_border_radius=\u00a0\u00bbnone\u00a0\u00bb column_link_target=\u00a0\u00bb_self\u00a0\u00bb gradient_direction=\u00a0\u00bbleft_to_right\u00a0\u00bb overlay_strength=\u00a0\u00bb0.3&Prime; width=\u00a0\u00bb1\/6&Prime; tablet_width_inherit=\u00a0\u00bbdefault\u00a0\u00bb tablet_text_alignment=\u00a0\u00bbdefault\u00a0\u00bb phone_text_alignment=\u00a0\u00bbdefault\u00a0\u00bb column_border_width=\u00a0\u00bbnone\u00a0\u00bb column_border_style=\u00a0\u00bbsolid\u00a0\u00bb bg_image_animation=\u00a0\u00bbnone\u00a0\u00bb offset=\u00a0\u00bbvc_hidden-sm vc_hidden-xs\u00a0\u00bb][\/vc_column][\/vc_row]\n","protected":false},"excerpt":{"rendered":"<p>[vc_row type=\u00a0\u00bbfull_width_background\u00a0\u00bb full_screen_row_position=\u00a0\u00bbmiddle\u00a0\u00bb column_margin=\u00a0\u00bbdefault\u00a0\u00bb equal_height=\u00a0\u00bbyes\u00a0\u00bb content_placement=\u00a0\u00bbbottom\u00a0\u00bb column_direction=\u00a0\u00bbdefault\u00a0\u00bb column_direction_tablet=\u00a0\u00bbdefault\u00a0\u00bb column_direction_phone=\u00a0\u00bbdefault\u00a0\u00bb bg_color=\u00a0\u00bb#ffffff\u00a0\u00bb bg_image=\u00a0\u00bb6045&Prime; bg_position=\u00a0\u00bbcenter center\u00a0\u00bb bg_repeat=\u00a0\u00bbno-repeat\u00a0\u00bb scene_position=\u00a0\u00bbcenter\u00a0\u00bb top_padding=\u00a0\u00bb15%\u00a0\u00bb bottom_padding=\u00a0\u00bb10%\u00a0\u00bb text_color=\u00a0\u00bblight\u00a0\u00bb text_align=\u00a0\u00bbleft\u00a0\u00bb row_border_radius=\u00a0\u00bbnone\u00a0\u00bb row_border_radius_applies=\u00a0\u00bbbg\u00a0\u00bb overlay_strength=\u00a0\u00bb0.3&Prime; gradient_direction=\u00a0\u00bbleft_to_right\u00a0\u00bb shape_divider_position=\u00a0\u00bbbottom\u00a0\u00bb shape_divider_height=\u00a0\u00bb350&Prime; bg_image_animation=\u00a0\u00bbfade-in\u00a0\u00bb shape_type=\u00a0\u00bbmountains\u00a0\u00bb][vc_column column_padding=\u00a0\u00bbno-extra-padding\u00a0\u00bb column_padding_tablet=\u00a0\u00bbinherit\u00a0\u00bb column_padding_phone=\u00a0\u00bbinherit\u00a0\u00bb&#8230;<\/p>\n","protected":false},"author":1,"featured_media":0,"parent":0,"menu_order":79,"comment_status":"closed","ping_status":"closed","template":"","meta":{"footnotes":""},"class_list":["post-7415","page","type-page","status-publish"],"_links":{"self":[{"href":"https:\/\/rotwand.com\/fr\/wp-json\/wp\/v2\/pages\/7415","targetHints":{"allow":["GET"]}}],"collection":[{"href":"https:\/\/rotwand.com\/fr\/wp-json\/wp\/v2\/pages"}],"about":[{"href":"https:\/\/rotwand.com\/fr\/wp-json\/wp\/v2\/types\/page"}],"author":[{"embeddable":true,"href":"https:\/\/rotwand.com\/fr\/wp-json\/wp\/v2\/users\/1"}],"replies":[{"embeddable":true,"href":"https:\/\/rotwand.com\/fr\/wp-json\/wp\/v2\/comments?post=7415"}],"version-history":[{"count":1,"href":"https:\/\/rotwand.com\/fr\/wp-json\/wp\/v2\/pages\/7415\/revisions"}],"predecessor-version":[{"id":7418,"href":"https:\/\/rotwand.com\/fr\/wp-json\/wp\/v2\/pages\/7415\/revisions\/7418"}],"wp:attachment":[{"href":"https:\/\/rotwand.com\/fr\/wp-json\/wp\/v2\/media?parent=7415"}],"curies":[{"name":"wp","href":"https:\/\/api.w.org\/{rel}","templated":true}]}}