{"id":7115,"date":"2020-05-13T14:08:36","date_gmt":"2020-05-13T14:08:36","guid":{"rendered":"https:\/\/rotwand.com\/bozen-card\/"},"modified":"2020-07-28T13:22:33","modified_gmt":"2020-07-28T13:22:33","slug":"bolzano-card","status":"publish","type":"page","link":"https:\/\/rotwand.com\/it\/bolzano-card\/","title":{"rendered":"Bolzano card"},"content":{"rendered":"[vc_row type=&#8221;full_width_background&#8221; full_screen_row_position=&#8221;middle&#8221; column_margin=&#8221;default&#8221; equal_height=&#8221;yes&#8221; content_placement=&#8221;bottom&#8221; column_direction=&#8221;default&#8221; column_direction_tablet=&#8221;default&#8221; column_direction_phone=&#8221;default&#8221; bg_color=&#8221;#ffffff&#8221; bg_image=&#8221;6579&#8243; bg_position=&#8221;center top&#8221; bg_repeat=&#8221;no-repeat&#8221; scene_position=&#8221;center&#8221; top_padding=&#8221;20%&#8221; bottom_padding=&#8221;0&#8243; text_color=&#8221;light&#8221; text_align=&#8221;left&#8221; row_border_radius=&#8221;none&#8221; row_border_radius_applies=&#8221;bg&#8221; color_overlay=&#8221;#1b1b1b&#8221; overlay_strength=&#8221;0.3&#8243; gradient_direction=&#8221;left_to_right&#8221; shape_divider_color=&#8221;#ffffff&#8221; shape_divider_position=&#8221;bottom&#8221; shape_divider_height=&#8221;50&#8243; shape_divider_bring_to_front=&#8221;true&#8221; bg_image_animation=&#8221;none&#8221; shape_type=&#8221;straight_section&#8221;][vc_column column_padding=&#8221;no-extra-padding&#8221; column_padding_tablet=&#8221;inherit&#8221; column_padding_phone=&#8221;inherit&#8221; column_padding_position=&#8221;all&#8221; background_color_opacity=&#8221;1&#8243; background_hover_color_opacity=&#8221;1&#8243; column_shadow=&#8221;none&#8221; column_border_radius=&#8221;none&#8221; column_link_target=&#8221;_self&#8221; el_class=&#8221;titolotutte&#8221; gradient_direction=&#8221;left_to_right&#8221; overlay_strength=&#8221;0.3&#8243; width=&#8221;2\/3&#8243; tablet_width_inherit=&#8221;default&#8221; tablet_text_alignment=&#8221;default&#8221; phone_text_alignment=&#8221;default&#8221; column_border_width=&#8221;none&#8221; column_border_style=&#8221;solid&#8221; bg_image_animation=&#8221;none&#8221;][vc_custom_heading text=&#8221;Bolzano card&#8221; font_container=&#8221;tag:h1|text_align:left&#8221; use_theme_fonts=&#8221;yes&#8221;][vc_custom_heading text=&#8221;La tua tessera personale per un viaggio alla scoperta di Bolzano e dintorni. \u00c8 incluso nella tariffa della camera delle compagnie partner e offre una serie di vantaggi per le vostre vacanze in Alto Adige.&#8221; font_container=&#8221;tag:h5|text_align:left&#8221; use_theme_fonts=&#8221;yes&#8221;][divider line_type=&#8221;No Line&#8221; custom_height=&#8221;20&#8243;][nectar_cta btn_style=&#8221;next-section&#8221; btn_type=&#8221;down-arrow-bordered&#8221; next_section_shadow=&#8221;none&#8221; alignment=&#8221;left&#8221;][divider line_type=&#8221;No Line&#8221; custom_height=&#8221;100&#8243;][\/vc_column][vc_column column_padding=&#8221;no-extra-padding&#8221; column_padding_tablet=&#8221;inherit&#8221; column_padding_phone=&#8221;inherit&#8221; column_padding_position=&#8221;all&#8221; background_color_opacity=&#8221;1&#8243; background_hover_color_opacity=&#8221;1&#8243; column_shadow=&#8221;none&#8221; column_border_radius=&#8221;none&#8221; column_link_target=&#8221;_self&#8221; gradient_direction=&#8221;left_to_right&#8221; overlay_strength=&#8221;0.3&#8243; width=&#8221;1\/3&#8243; tablet_width_inherit=&#8221;default&#8221; tablet_text_alignment=&#8221;default&#8221; phone_text_alignment=&#8221;default&#8221; column_border_width=&#8221;none&#8221; column_border_style=&#8221;solid&#8221; bg_image_animation=&#8221;none&#8221;][\/vc_column][\/vc_row][vc_row type=&#8221;full_width_background&#8221; full_screen_row_position=&#8221;middle&#8221; column_margin=&#8221;90px&#8221; column_direction=&#8221;default&#8221; column_direction_tablet=&#8221;default&#8221; column_direction_phone=&#8221;default&#8221; bg_color=&#8221;#ffffff&#8221; scene_position=&#8221;center&#8221; top_padding=&#8221;5%&#8221; bottom_padding=&#8221;5%&#8221; text_color=&#8221;dark&#8221; text_align=&#8221;left&#8221; row_border_radius=&#8221;none&#8221; row_border_radius_applies=&#8221;bg&#8221; overlay_strength=&#8221;0.3&#8243; gradient_direction=&#8221;left_to_right&#8221; shape_divider_position=&#8221;bottom&#8221; bg_image_animation=&#8221;none&#8221; shape_type=&#8221;&#8221;][vc_column column_padding=&#8221;padding-5-percent&#8221; column_padding_tablet=&#8221;inherit&#8221; column_padding_phone=&#8221;inherit&#8221; column_padding_position=&#8221;bottom&#8221; background_color_opacity=&#8221;1&#8243; background_hover_color_opacity=&#8221;1&#8243; column_shadow=&#8221;none&#8221; column_border_radius=&#8221;none&#8221; column_link_target=&#8221;_self&#8221; gradient_direction=&#8221;left_to_right&#8221; overlay_strength=&#8221;0.3&#8243; width=&#8221;1\/6&#8243; tablet_width_inherit=&#8221;default&#8221; tablet_text_alignment=&#8221;default&#8221; phone_text_alignment=&#8221;default&#8221; column_border_width=&#8221;none&#8221; column_border_style=&#8221;solid&#8221; bg_image_animation=&#8221;none&#8221; offset=&#8221;vc_hidden-sm vc_hidden-xs&#8221;][\/vc_column][vc_column column_padding=&#8221;no-extra-padding&#8221; column_padding_tablet=&#8221;inherit&#8221; column_padding_phone=&#8221;inherit&#8221; column_padding_position=&#8221;all&#8221; background_color_opacity=&#8221;1&#8243; background_hover_color_opacity=&#8221;1&#8243; column_shadow=&#8221;none&#8221; column_border_radius=&#8221;none&#8221; column_link_target=&#8221;_self&#8221; gradient_direction=&#8221;left_to_right&#8221; overlay_strength=&#8221;0.3&#8243; width=&#8221;2\/3&#8243; tablet_width_inherit=&#8221;default&#8221; tablet_text_alignment=&#8221;default&#8221; phone_text_alignment=&#8221;default&#8221; column_border_width=&#8221;none&#8221; column_border_style=&#8221;solid&#8221; bg_image_animation=&#8221;none&#8221;][vc_column_text]\n<p class=\"evidenziato\">Conoscere Bolzano, San Genesio, Laives e la Val Sarentino e tante bellezze dell\u2019Alto Adige in modo facile ed economico \u2026. Con la Bolzano Card \u00e8 possibile!<\/p>\n<h3>Bolzano Card: gratuita ma preziosa!<\/h3>\n<p>Con la <a href=\"https:\/\/bolzano-bozen.it\/images\/BZ_Card_Folder_19_low.pdf\" class=\"mtli_attachment mtli_pdf\" target=\"_blank\" rel=\"noopener noreferrer\">Bolzano Card<\/a>\u00a0il Suo soggiorno a Bolzano sar\u00e0 ancora pi\u00f9 ricco. La card \u00e8 il Suo personale biglietto d\u2019ingresso per tante attrazioni turistiche. Un mondo di vantaggi La aspetta per scoprire tutto l&#8217;Alto Adige con l&#8217;entusiasmo di chi desidera trascorrere una vacanza all&#8217;insegna del divertimento. Approfitti della Sua Bolzano Card per visitare i musei e per viaggiare gratuitamente su tutti i mezzi pubblici dell&#8217;Alto Adige. La card \u00e8 inclusa nel prezzo del soggiorno nelle strutture che aderiscono all&#8217;iniziativa.<\/p>\n<h3>Come funziona<\/h3>\n<p>\u00bb La Bolzano Card \u00e8 in <strong>distribuzione gratuita<\/strong> ed esclusiva presso le <strong>strutture ricettive partner<\/strong> dell\u2019offerta.<br \/>\n\u00bb La Bolzano Card \u00e8 valida esclusivamente durante il <strong>periodo del soggiorno<\/strong>.<br \/>\n\u00bb La carta <strong>va convalidata a ogni utilizzo<\/strong> di un mezzo di trasporto pubblico. Nei musei la convalida viene effettuata tramite i lettori all\u2019ingresso. Per tutti gli altri servizi la card va convalidata tramite lettore presso il fornitore del rispettivo servizio. Per usufruire dei servizi \u201cBonus partner\u201d \u00e8 sufficiente mostrare la card.<br \/>\n\u00bb La card deve essere <strong>compilata con il nome<\/strong> dell\u2019ospite e la data di validit\u00e0.<br \/>\n\u00bb I <strong>servizi compresi<\/strong> nella Bolzano Card sono per ospiti individuali. Per usufruirne, il possessore della card deve attenersi ai rispettivi termini d\u2019iscrizione e tenere in considerazione il numero massimo di partecipanti. Per informazioni pu\u00f2 rivolgersi all\u2019Ufficio Turistico di competenza.<\/p>\n<h3>Servizi inclusi<\/h3>\n<p>\u00bb <strong>Mobilit\u00e0<\/strong>: utilizzo illimitato di tutti i mezzi pubblici del Trasporto Integrato dell\u2019Alto Adige: treni regionali dal Brennero fino a Trento e da Malles a San Candido, autobus del trasporto locale (urbani, City Bus e extraurbani), le funivie San Genesio, Colle, Renon, Maranza, Meltina e Verano, il trenino del Renon e la funicolare della Mendola, Trekkingbus sull\u2019altopiano del Salto, un viaggio di andata e ritorno tra Malles e M\u00fcstair con l\u2019Auto Postale Svizzera. Orari: <a href=\"https:\/\/altoadigemobilita.info\" target=\"_blank\" rel=\"noopener\">www.altoadigemobilita.info<\/a>.<br \/>\n\u00bb <strong>Musei<\/strong>: un ingresso gratuito in oltre 90 musei, collezioni e luoghi espositivi in Alto Adige, tra cui a Bolzano il Museo Archeologico dell\u2019Alto Adige, il Museo di Scienze Naturali dell\u2019Alto Adige, il Museion &#8211; museo d\u2019arte moderna e contemporanea, il Museo Civico, il Museo Mercantile, il Museo dei Presepi, il Tesoro del Duomo, Castel Roncolo, il Messner Mountain Museum Firmian e il Museo contadino Rohrerhaus a Sarentino.<br \/>\n\u00bb <strong>Visita guidata<\/strong>: partecipazione a una visita guidata della citt\u00e0 dal programma settimanale dell\u2019Azienda di Soggiorno e Turismo di Bolzano.<br \/>\n\u00bb <strong>Bolzano, citt\u00e0 del vino<\/strong>: riduzioni durante i seguenti eventi:<br \/>\n&#8211; Calici in Stelle: 1 buono per un bicchiere di vino<br \/>\n&#8211; Mercatino di Natale &#8211; Stand del Vino: acquistando un bicchiere di vino da \u20ac 3,50, il secondo bicchiere dello stesso vino \u00e8 in omaggio<br \/>\n&#8211; Mostra Vini di Bolzano: 3 buoni degustazione<br \/>\n\u00bb <strong>Cabinovia Corno del Renon<\/strong>: 1 viaggio al giorno<\/p>\n<p>&nbsp;<\/p>\n<p><strong>A Laives<\/strong><\/p>\n<p>\u00bb <strong>Visita guidata al maso<\/strong>: con degustazione di succo di mela e diverse variet\u00e0 di mele (ogni marted\u00ec da Pasqua a ottobre alle ore 17, prenotazione entro le ore 12, tel. 0471 950420)<br \/>\n\u00bb <strong>Seminario sulle erbe selvatiche<\/strong>: camminata facile per conoscere le erbe selvatiche e le loro propriet\u00e0 curative (ogni mercoled\u00ec da Pasqua a ottobre, ore 14.30\u201316.30, prenotazione entro le ore 11, tel. 0471 950420)<br \/>\n\u00bb <strong>Escursione guidata in bici<\/strong>: da Laives fino a Merano con visita della citt\u00e0, ritorno in treno (ogni gioved\u00ec da Pasqua a ottobre, ore 9.30\u201317, prenotazione entro le ore 12 del giorno precedente, tel. 0471 950420)<br \/>\n\u00bb <strong>Escursione guidata in MTB<\/strong>: da Laives fino ai Laghi di Monticolo (ogni venerd\u00ec da Pasqua a ottobre, ore 9.30\u201313, prenotazione entro le ore 16 del giorno precedente, tel. 0471 950420)<br \/>\n\u00bb <strong>Visita guidata<\/strong> della citt\u00e0 di Laives con visita della Chiesa Parrocchiale (ogni venerd\u00ec da Pasqua a ottobre, ore 10\u201312, prenotazione entro le ore 17 del giorno precedente, tel. 0471 950420)<br \/>\n\u00bb <strong>Noleggio bici<\/strong>: 1 giorno di noleggio bici presso il noleggio Ride tel. 0471 537500 oppure Bike Sport Neri, tel. 0471 952912 (da aprile a ottobre)<br \/>\n\u00bb <strong>Pista di pattinaggio<\/strong>: 1 entrata libera (da dicembre a inizio marzo).[\/vc_column_text][\/vc_column][vc_column column_padding=&#8221;no-extra-padding&#8221; column_padding_tablet=&#8221;inherit&#8221; column_padding_phone=&#8221;inherit&#8221; column_padding_position=&#8221;all&#8221; background_color_opacity=&#8221;1&#8243; background_hover_color_opacity=&#8221;1&#8243; column_shadow=&#8221;none&#8221; column_border_radius=&#8221;none&#8221; column_link_target=&#8221;_self&#8221; gradient_direction=&#8221;left_to_right&#8221; overlay_strength=&#8221;0.3&#8243; width=&#8221;1\/6&#8243; tablet_width_inherit=&#8221;default&#8221; tablet_text_alignment=&#8221;default&#8221; phone_text_alignment=&#8221;default&#8221; column_border_width=&#8221;none&#8221; column_border_style=&#8221;solid&#8221; bg_image_animation=&#8221;none&#8221; offset=&#8221;vc_hidden-sm vc_hidden-xs&#8221;][\/vc_column][\/vc_row][vc_row type=&#8221;full_width_background&#8221; full_screen_row_position=&#8221;middle&#8221; column_margin=&#8221;default&#8221; equal_height=&#8221;yes&#8221; content_placement=&#8221;middle&#8221; column_direction=&#8221;default&#8221; column_direction_tablet=&#8221;default&#8221; column_direction_phone=&#8221;default&#8221; bg_color=&#8221;#395462&#8243; scene_position=&#8221;center&#8221; top_padding=&#8221;70&#8243; bottom_padding=&#8221;70&#8243; text_color=&#8221;light&#8221; text_align=&#8221;left&#8221; row_border_radius=&#8221;none&#8221; row_border_radius_applies=&#8221;bg&#8221; overlay_strength=&#8221;0.95&#8243; gradient_direction=&#8221;left_to_right&#8221; shape_divider_position=&#8221;bottom&#8221; bg_image_animation=&#8221;none&#8221; shape_type=&#8221;&#8221;][vc_column column_padding=&#8221;no-extra-padding&#8221; column_padding_tablet=&#8221;inherit&#8221; column_padding_phone=&#8221;inherit&#8221; column_padding_position=&#8221;all&#8221; background_color_opacity=&#8221;1&#8243; background_hover_color_opacity=&#8221;1&#8243; column_shadow=&#8221;none&#8221; column_border_radius=&#8221;none&#8221; column_link_target=&#8221;_self&#8221; gradient_direction=&#8221;left_to_right&#8221; overlay_strength=&#8221;0.3&#8243; width=&#8221;5\/12&#8243; tablet_width_inherit=&#8221;default&#8221; tablet_text_alignment=&#8221;center&#8221; phone_text_alignment=&#8221;center&#8221; column_border_width=&#8221;none&#8221; column_border_style=&#8221;solid&#8221; bg_image_animation=&#8221;none&#8221;][split_line_heading animation_type=&#8221;line-reveal-by-space&#8221; font_style=&#8221;h2&#8243; text_content=&#8221;Vuoi contattarci per un&#8217;offerta?&#8221;][\/split_line_heading][\/vc_column][vc_column column_padding=&#8221;no-extra-padding&#8221; column_padding_tablet=&#8221;inherit&#8221; column_padding_phone=&#8221;inherit&#8221; column_padding_position=&#8221;all&#8221; background_color_opacity=&#8221;1&#8243; background_hover_color_opacity=&#8221;1&#8243; column_shadow=&#8221;none&#8221; column_border_radius=&#8221;none&#8221; column_link_target=&#8221;_self&#8221; gradient_direction=&#8221;left_to_right&#8221; overlay_strength=&#8221;0.3&#8243; width=&#8221;1\/12&#8243; tablet_width_inherit=&#8221;default&#8221; tablet_text_alignment=&#8221;center&#8221; phone_text_alignment=&#8221;center&#8221; column_border_width=&#8221;none&#8221; column_border_style=&#8221;solid&#8221; bg_image_animation=&#8221;none&#8221;][\/vc_column][vc_column column_padding=&#8221;no-extra-padding&#8221; column_padding_tablet=&#8221;inherit&#8221; column_padding_phone=&#8221;inherit&#8221; column_padding_position=&#8221;all&#8221; background_color_opacity=&#8221;1&#8243; background_hover_color_opacity=&#8221;1&#8243; column_shadow=&#8221;none&#8221; column_border_radius=&#8221;none&#8221; column_link_target=&#8221;_self&#8221; gradient_direction=&#8221;left_to_right&#8221; overlay_strength=&#8221;0.3&#8243; width=&#8221;1\/2&#8243; tablet_width_inherit=&#8221;default&#8221; tablet_text_alignment=&#8221;center&#8221; phone_text_alignment=&#8221;center&#8221; column_border_width=&#8221;none&#8221; column_border_style=&#8221;solid&#8221; bg_image_animation=&#8221;none&#8221;][vc_row_inner column_margin=&#8221;default&#8221; column_direction=&#8221;default&#8221; column_direction_tablet=&#8221;default&#8221; column_direction_phone=&#8221;default&#8221; text_align=&#8221;right&#8221;][vc_column_inner column_padding=&#8221;no-extra-padding&#8221; column_padding_tablet=&#8221;inherit&#8221; column_padding_phone=&#8221;inherit&#8221; column_padding_position=&#8221;all&#8221; background_color_opacity=&#8221;1&#8243; background_hover_color_opacity=&#8221;1&#8243; column_shadow=&#8221;none&#8221; column_border_radius=&#8221;none&#8221; column_link_target=&#8221;_self&#8221; gradient_direction=&#8221;left_to_right&#8221; overlay_strength=&#8221;0.3&#8243; width=&#8221;1\/1&#8243; tablet_width_inherit=&#8221;default&#8221; column_border_width=&#8221;none&#8221; column_border_style=&#8221;solid&#8221; bg_image_animation=&#8221;none&#8221;][nectar_cta btn_style=&#8221;arrow-animation&#8221; heading_tag=&#8221;h4&#8243; text_color=&#8221;#395462&#8243; button_color=&#8221;extra-color-2&#8243; link_type=&#8221;regular&#8221; alignment=&#8221;right&#8221; display=&#8221;block&#8221; link_text=&#8221;Clicca qui&#8221; url=&#8221;\/it\/contatti\/&#8221; padding_top=&#8221;20&#8243; padding_right=&#8221;40&#8243; padding_bottom=&#8221;20&#8243; padding_left=&#8221;40&#8243;][\/vc_column_inner][\/vc_row_inner][\/vc_column][\/vc_row][vc_row type=&#8221;full_width_background&#8221; full_screen_row_position=&#8221;middle&#8221; column_margin=&#8221;default&#8221; column_direction=&#8221;default&#8221; column_direction_tablet=&#8221;default&#8221; column_direction_phone=&#8221;default&#8221; bg_color=&#8221;#395462&#8243; scene_position=&#8221;center&#8221; text_color=&#8221;light&#8221; text_align=&#8221;left&#8221; row_border_radius=&#8221;none&#8221; row_border_radius_applies=&#8221;bg&#8221; overlay_strength=&#8221;0.3&#8243; gradient_direction=&#8221;left_to_right&#8221; shape_divider_position=&#8221;bottom&#8221; bg_image_animation=&#8221;none&#8221; shape_type=&#8221;&#8221;][vc_column column_padding=&#8221;no-extra-padding&#8221; column_padding_tablet=&#8221;inherit&#8221; column_padding_phone=&#8221;inherit&#8221; column_padding_position=&#8221;all&#8221; background_color_opacity=&#8221;1&#8243; background_hover_color_opacity=&#8221;1&#8243; column_shadow=&#8221;none&#8221; column_border_radius=&#8221;none&#8221; column_link_target=&#8221;_self&#8221; gradient_direction=&#8221;left_to_right&#8221; overlay_strength=&#8221;0.3&#8243; width=&#8221;1\/1&#8243; tablet_width_inherit=&#8221;default&#8221; tablet_text_alignment=&#8221;default&#8221; phone_text_alignment=&#8221;default&#8221; column_border_width=&#8221;none&#8221; column_border_style=&#8221;solid&#8221; bg_image_animation=&#8221;none&#8221;][divider line_type=&#8221;Full Width Line&#8221; line_thickness=&#8221;1&#8243; divider_color=&#8221;default&#8221; custom_height=&#8221;2&#8243;][\/vc_column][\/vc_row]\n","protected":false},"excerpt":{"rendered":"<p>[vc_row type=&#8221;full_width_background&#8221; full_screen_row_position=&#8221;middle&#8221; column_margin=&#8221;default&#8221; equal_height=&#8221;yes&#8221; content_placement=&#8221;bottom&#8221; column_direction=&#8221;default&#8221; column_direction_tablet=&#8221;default&#8221; column_direction_phone=&#8221;default&#8221; bg_color=&#8221;#ffffff&#8221; bg_image=&#8221;6579&#8243; bg_position=&#8221;center top&#8221; bg_repeat=&#8221;no-repeat&#8221; scene_position=&#8221;center&#8221; top_padding=&#8221;20%&#8221; bottom_padding=&#8221;0&#8243; text_color=&#8221;light&#8221; text_align=&#8221;left&#8221; row_border_radius=&#8221;none&#8221; row_border_radius_applies=&#8221;bg&#8221; color_overlay=&#8221;#1b1b1b&#8221; overlay_strength=&#8221;0.3&#8243; gradient_direction=&#8221;left_to_right&#8221; shape_divider_color=&#8221;#ffffff&#8221; shape_divider_position=&#8221;bottom&#8221; shape_divider_height=&#8221;50&#8243; shape_divider_bring_to_front=&#8221;true&#8221; bg_image_animation=&#8221;none&#8221; shape_type=&#8221;straight_section&#8221;][vc_column&#8230;<\/p>\n","protected":false},"author":1,"featured_media":0,"parent":0,"menu_order":11,"comment_status":"closed","ping_status":"closed","template":"","meta":{"footnotes":""},"class_list":["post-7115","page","type-page","status-publish"],"_links":{"self":[{"href":"https:\/\/rotwand.com\/it\/wp-json\/wp\/v2\/pages\/7115","targetHints":{"allow":["GET"]}}],"collection":[{"href":"https:\/\/rotwand.com\/it\/wp-json\/wp\/v2\/pages"}],"about":[{"href":"https:\/\/rotwand.com\/it\/wp-json\/wp\/v2\/types\/page"}],"author":[{"embeddable":true,"href":"https:\/\/rotwand.com\/it\/wp-json\/wp\/v2\/users\/1"}],"replies":[{"embeddable":true,"href":"https:\/\/rotwand.com\/it\/wp-json\/wp\/v2\/comments?post=7115"}],"version-history":[{"count":3,"href":"https:\/\/rotwand.com\/it\/wp-json\/wp\/v2\/pages\/7115\/revisions"}],"predecessor-version":[{"id":7122,"href":"https:\/\/rotwand.com\/it\/wp-json\/wp\/v2\/pages\/7115\/revisions\/7122"}],"wp:attachment":[{"href":"https:\/\/rotwand.com\/it\/wp-json\/wp\/v2\/media?parent=7115"}],"curies":[{"name":"wp","href":"https:\/\/api.w.org\/{rel}","templated":true}]}}